{"id":1017,"date":"2025-12-30T21:54:46","date_gmt":"2025-12-30T21:54:46","guid":{"rendered":"https:\/\/eternaproductos.com\/?post_type=product&#038;p=1017"},"modified":"2025-12-30T21:54:46","modified_gmt":"2025-12-30T21:54:46","slug":"kit-shampoo-conditioner-serum","status":"publish","type":"product","link":"https:\/\/eternaproductos.com\/en\/product\/kit-shampoo-conditioner-serum\/","title":{"rendered":"Kit: Shampoo\/Conditioner\/Serum"},"content":{"rendered":"<p>Tu cabello cuenta una historia, y si sientes que necesita un nuevo comienzo, la l\u00ednea Renacer es la respuesta. Dise\u00f1amos este Kit de Nutrici\u00f3n y Reparaci\u00f3n Total pensando en todas aquellas mujeres que desean reconstruir su fibra capilar desde la ra\u00edz y poner fin a la ca\u00edda del cabello.<\/p>\n","protected":false},"excerpt":{"rendered":"<p>Champ\u00fa Reparador: Limpia suavemente mientras fortalece la ra\u00edz para frenar la ca\u00edda del cabello.<\/p>\n<p>Acondicionador sellador: suaviza, desenreda y sella la cut\u00edcula para retener la humedad.<\/p>\n<p>Serum Finalizador: El toque final que aporta brillo, protege y elimina el frizz.<\/p>\n","protected":false},"featured_media":802,"comment_status":"open","ping_status":"closed","template":"","meta":[],"product_brand":[],"product_cat":[16],"product_tag":[],"class_list":{"0":"post-1017","1":"product","2":"type-product","3":"status-publish","4":"has-post-thumbnail","6":"product_cat-cuidado-capilar-renacer","8":"first","9":"instock","10":"sale","11":"shipping-taxable","12":"purchasable","13":"product-type-simple"},"_links":{"self":[{"href":"https:\/\/eternaproductos.com\/en\/wp-json\/wp\/v2\/product\/1017","targetHints":{"allow":["GET"]}}],"collection":[{"href":"https:\/\/eternaproductos.com\/en\/wp-json\/wp\/v2\/product"}],"about":[{"href":"https:\/\/eternaproductos.com\/en\/wp-json\/wp\/v2\/types\/product"}],"replies":[{"embeddable":true,"href":"https:\/\/eternaproductos.com\/en\/wp-json\/wp\/v2\/comments?post=1017"}],"wp:featuredmedia":[{"embeddable":true,"href":"https:\/\/eternaproductos.com\/en\/wp-json\/wp\/v2\/media\/802"}],"wp:attachment":[{"href":"https:\/\/eternaproductos.com\/en\/wp-json\/wp\/v2\/media?parent=1017"}],"wp:term":[{"taxonomy":"product_brand","embeddable":true,"href":"https:\/\/eternaproductos.com\/en\/wp-json\/wp\/v2\/product_brand?post=1017"},{"taxonomy":"product_cat","embeddable":true,"href":"https:\/\/eternaproductos.com\/en\/wp-json\/wp\/v2\/product_cat?post=1017"},{"taxonomy":"product_tag","embeddable":true,"href":"https:\/\/eternaproductos.com\/en\/wp-json\/wp\/v2\/product_tag?post=1017"}],"curies":[{"name":"wp","href":"https:\/\/api.w.org\/{rel}","templated":true}]}}